{"id":91,"date":"2019-08-08T15:01:40","date_gmt":"2019-08-08T13:01:40","guid":{"rendered":"http:\/\/www.sokol.slupsk.pl\/wordpress\/?page_id=91"},"modified":"2020-06-22T14:51:24","modified_gmt":"2020-06-22T12:51:24","slug":"o-mnie","status":"publish","type":"page","link":"https:\/\/www.sokol.slupsk.pl\/wordpress\/o-mnie\/","title":{"rendered":"O mnie"},"content":{"rendered":"\n<div class=\"wp-block-image\"><figure class=\"alignleft\"><a href=\"http:\/\/www.sokol.slupsk.pl\/wordpress\/wp-content\/uploads\/2019\/08\/sok\u00f3\u0142.jpg\"><img loading=\"lazy\" decoding=\"async\" width=\"225\" height=\"300\" src=\"https:\/\/www.sokol.slupsk.pl\/wordpress\/wp-content\/uploads\/2019\/08\/sok\u00f3\u0142-225x300.jpg\" alt=\"\" class=\"wp-image-92\" srcset=\"https:\/\/www.sokol.slupsk.pl\/wordpress\/wp-content\/uploads\/2019\/08\/sok\u00f3\u0142-225x300.jpg 225w, https:\/\/www.sokol.slupsk.pl\/wordpress\/wp-content\/uploads\/2019\/08\/sok\u00f3\u0142.jpg 720w\" sizes=\"auto, (max-width: 225px) 85vw, 225px\" \/><\/a><\/figure><\/div>\n\n\n\n<p>Modelarz, rekonstruktor, mi\u0142o\u015bnik historii. Lubi\u0119 r\u00f3wnie\u017c podr\u00f3\u017cowa\u0107, niekoniecznie w miejsca powszechnie znane &#8211; odkrywanie nowych miejsc to bardzo ciekawe zaj\u0119cie.<\/p>\n\n\n\n<p>Inspiracj\u0105 do stworzenia tego bloga by\u0142y w dwa zdarzenia &#8211; wiele lat temu kole\u017canka zainspirowa\u0142a mnie do odwiedzenia S\u0142owi\u0144skiego Parku Narodowego. Miejsca, kt\u00f3re by\u0142o blisko, a by\u0142o mi zupe\u0142nie nieznane. Zaowocowa\u0142o to wspania\u0142\u0105 wypraw\u0105! A druga inspiracja &#8211; podczas niedawnego spotkania rodzinnego pad\u0142o zdanie &#8211; &#8222;Ale w okolicy nie ma nic ciekawego&#8221;. <br><\/p>\n\n\n\n<p>Ale to przecie\u017c nie prawda! Tu\u017c za rogiem czeka na nas przygoda i ciekawe miejsca! I to chc\u0119 w\u0142a\u015bnie tutaj pokaza\u0107!<\/p>\n","protected":false},"excerpt":{"rendered":"<p>Modelarz, rekonstruktor, mi\u0142o\u015bnik historii. Lubi\u0119 r\u00f3wnie\u017c podr\u00f3\u017cowa\u0107, niekoniecznie w miejsca powszechnie znane &#8211; odkrywanie nowych miejsc to bardzo ciekawe zaj\u0119cie. Inspiracj\u0105 do stworzenia tego bloga by\u0142y w dwa zdarzenia &#8211; wiele lat temu kole\u017canka zainspirowa\u0142a mnie do odwiedzenia S\u0142owi\u0144skiego Parku Narodowego. Miejsca, kt\u00f3re by\u0142o blisko, a by\u0142o mi zupe\u0142nie nieznane. Zaowocowa\u0142o to wspania\u0142\u0105 wypraw\u0105! A &hellip; <a href=\"https:\/\/www.sokol.slupsk.pl\/wordpress\/o-mnie\/\" class=\"more-link\">Czytaj dalej<span class=\"screen-reader-text\"> \u201eO mnie\u201d<\/span><\/a><\/p>\n","protected":false},"author":1,"featured_media":0,"parent":0,"menu_order":0,"comment_status":"closed","ping_status":"closed","template":"","meta":{"footnotes":""},"class_list":["post-91","page","type-page","status-publish","hentry"],"yoast_head":"<!-- This site is optimized with the Yoast SEO plugin v27.6 - https:\/\/yoast.com\/product\/yoast-seo-wordpress\/ -->\n<title>O mnie - Soko\u0142a podr\u00f3\u017ce dalekie i bliskie<\/title>\n<meta name=\"description\" content=\"sok\u00f3\u0142\" \/>\n<meta name=\"robots\" content=\"index, follow, max-snippet:-1, max-image-preview:large, max-video-preview:-1\" \/>\n<link rel=\"canonical\" href=\"https:\/\/www.sokol.slupsk.pl\/wordpress\/o-mnie\/\" \/>\n<meta property=\"og:locale\" content=\"pl_PL\" \/>\n<meta property=\"og:type\" content=\"article\" \/>\n<meta property=\"og:title\" content=\"O mnie - Soko\u0142a podr\u00f3\u017ce dalekie i bliskie\" \/>\n<meta property=\"og:description\" content=\"sok\u00f3\u0142\" \/>\n<meta property=\"og:url\" content=\"https:\/\/www.sokol.slupsk.pl\/wordpress\/o-mnie\/\" \/>\n<meta property=\"og:site_name\" content=\"Soko\u0142a podr\u00f3\u017ce dalekie i bliskie\" \/>\n<meta property=\"article:modified_time\" content=\"2020-06-22T12:51:24+00:00\" \/>\n<meta property=\"og:image\" content=\"https:\/\/www.sokol.slupsk.pl\/wordpress\/wp-content\/uploads\/2019\/08\/sok\u00f3\u0142-225x300.jpg\" \/>\n<meta name=\"twitter:card\" content=\"summary_large_image\" \/>\n<meta name=\"twitter:label1\" content=\"Szacowany czas czytania\" \/>\n\t<meta name=\"twitter:data1\" content=\"1 minuta\" \/>\n<script type=\"application\/ld+json\" class=\"yoast-schema-graph\">{\"@context\":\"https:\\\/\\\/schema.org\",\"@graph\":[{\"@type\":\"WebPage\",\"@id\":\"https:\\\/\\\/www.sokol.slupsk.pl\\\/wordpress\\\/o-mnie\\\/\",\"url\":\"https:\\\/\\\/www.sokol.slupsk.pl\\\/wordpress\\\/o-mnie\\\/\",\"name\":\"O mnie - Soko\u0142a podr\u00f3\u017ce dalekie i bliskie\",\"isPartOf\":{\"@id\":\"https:\\\/\\\/www.sokol.slupsk.pl\\\/wordpress\\\/#website\"},\"datePublished\":\"2019-08-08T13:01:40+00:00\",\"dateModified\":\"2020-06-22T12:51:24+00:00\",\"description\":\"sok\u00f3\u0142\",\"breadcrumb\":{\"@id\":\"https:\\\/\\\/www.sokol.slupsk.pl\\\/wordpress\\\/o-mnie\\\/#breadcrumb\"},\"inLanguage\":\"pl-PL\",\"potentialAction\":[{\"@type\":\"ReadAction\",\"target\":[\"https:\\\/\\\/www.sokol.slupsk.pl\\\/wordpress\\\/o-mnie\\\/\"]}]},{\"@type\":\"BreadcrumbList\",\"@id\":\"https:\\\/\\\/www.sokol.slupsk.pl\\\/wordpress\\\/o-mnie\\\/#breadcrumb\",\"itemListElement\":[{\"@type\":\"ListItem\",\"position\":1,\"name\":\"Strona g\u0142\u00f3wna\",\"item\":\"https:\\\/\\\/www.sokol.slupsk.pl\\\/wordpress\\\/\"},{\"@type\":\"ListItem\",\"position\":2,\"name\":\"O mnie\"}]},{\"@type\":\"WebSite\",\"@id\":\"https:\\\/\\\/www.sokol.slupsk.pl\\\/wordpress\\\/#website\",\"url\":\"https:\\\/\\\/www.sokol.slupsk.pl\\\/wordpress\\\/\",\"name\":\"Soko\u0142a podr\u00f3\u017ce dalekie i bliskie\",\"description\":\"Ciekawe miejsca w Polsce (i nie tylko) warte odwiedzenia\",\"publisher\":{\"@id\":\"https:\\\/\\\/www.sokol.slupsk.pl\\\/wordpress\\\/#\\\/schema\\\/person\\\/f69caba0f8884992a20ddf1fc7d8287c\"},\"potentialAction\":[{\"@type\":\"SearchAction\",\"target\":{\"@type\":\"EntryPoint\",\"urlTemplate\":\"https:\\\/\\\/www.sokol.slupsk.pl\\\/wordpress\\\/?s={search_term_string}\"},\"query-input\":{\"@type\":\"PropertyValueSpecification\",\"valueRequired\":true,\"valueName\":\"search_term_string\"}}],\"inLanguage\":\"pl-PL\"},{\"@type\":[\"Person\",\"Organization\"],\"@id\":\"https:\\\/\\\/www.sokol.slupsk.pl\\\/wordpress\\\/#\\\/schema\\\/person\\\/f69caba0f8884992a20ddf1fc7d8287c\",\"name\":\"Sok\u00f3\u0142\",\"image\":{\"@type\":\"ImageObject\",\"inLanguage\":\"pl-PL\",\"@id\":\"https:\\\/\\\/secure.gravatar.com\\\/avatar\\\/30ac1bad5b72abd1fed24a45c0af6ab491a57070d717667950af8238eb074df3?s=96&d=mm&r=g\",\"url\":\"https:\\\/\\\/secure.gravatar.com\\\/avatar\\\/30ac1bad5b72abd1fed24a45c0af6ab491a57070d717667950af8238eb074df3?s=96&d=mm&r=g\",\"contentUrl\":\"https:\\\/\\\/secure.gravatar.com\\\/avatar\\\/30ac1bad5b72abd1fed24a45c0af6ab491a57070d717667950af8238eb074df3?s=96&d=mm&r=g\",\"caption\":\"Sok\u00f3\u0142\"},\"logo\":{\"@id\":\"https:\\\/\\\/secure.gravatar.com\\\/avatar\\\/30ac1bad5b72abd1fed24a45c0af6ab491a57070d717667950af8238eb074df3?s=96&d=mm&r=g\"},\"description\":\"Mi\u0142o\u015bnik historii, rekonstruktor i modelarz\"}]}<\/script>\n<!-- \/ Yoast SEO plugin. -->","yoast_head_json":{"title":"O mnie - Soko\u0142a podr\u00f3\u017ce dalekie i bliskie","description":"sok\u00f3\u0142","robots":{"index":"index","follow":"follow","max-snippet":"max-snippet:-1","max-image-preview":"max-image-preview:large","max-video-preview":"max-video-preview:-1"},"canonical":"https:\/\/www.sokol.slupsk.pl\/wordpress\/o-mnie\/","og_locale":"pl_PL","og_type":"article","og_title":"O mnie - Soko\u0142a podr\u00f3\u017ce dalekie i bliskie","og_description":"sok\u00f3\u0142","og_url":"https:\/\/www.sokol.slupsk.pl\/wordpress\/o-mnie\/","og_site_name":"Soko\u0142a podr\u00f3\u017ce dalekie i bliskie","article_modified_time":"2020-06-22T12:51:24+00:00","og_image":[{"url":"https:\/\/www.sokol.slupsk.pl\/wordpress\/wp-content\/uploads\/2019\/08\/sok\u00f3\u0142-225x300.jpg","type":"","width":"","height":""}],"twitter_card":"summary_large_image","twitter_misc":{"Szacowany czas czytania":"1 minuta"},"schema":{"@context":"https:\/\/schema.org","@graph":[{"@type":"WebPage","@id":"https:\/\/www.sokol.slupsk.pl\/wordpress\/o-mnie\/","url":"https:\/\/www.sokol.slupsk.pl\/wordpress\/o-mnie\/","name":"O mnie - Soko\u0142a podr\u00f3\u017ce dalekie i bliskie","isPartOf":{"@id":"https:\/\/www.sokol.slupsk.pl\/wordpress\/#website"},"datePublished":"2019-08-08T13:01:40+00:00","dateModified":"2020-06-22T12:51:24+00:00","description":"sok\u00f3\u0142","breadcrumb":{"@id":"https:\/\/www.sokol.slupsk.pl\/wordpress\/o-mnie\/#breadcrumb"},"inLanguage":"pl-PL","potentialAction":[{"@type":"ReadAction","target":["https:\/\/www.sokol.slupsk.pl\/wordpress\/o-mnie\/"]}]},{"@type":"BreadcrumbList","@id":"https:\/\/www.sokol.slupsk.pl\/wordpress\/o-mnie\/#breadcrumb","itemListElement":[{"@type":"ListItem","position":1,"name":"Strona g\u0142\u00f3wna","item":"https:\/\/www.sokol.slupsk.pl\/wordpress\/"},{"@type":"ListItem","position":2,"name":"O mnie"}]},{"@type":"WebSite","@id":"https:\/\/www.sokol.slupsk.pl\/wordpress\/#website","url":"https:\/\/www.sokol.slupsk.pl\/wordpress\/","name":"Soko\u0142a podr\u00f3\u017ce dalekie i bliskie","description":"Ciekawe miejsca w Polsce (i nie tylko) warte odwiedzenia","publisher":{"@id":"https:\/\/www.sokol.slupsk.pl\/wordpress\/#\/schema\/person\/f69caba0f8884992a20ddf1fc7d8287c"},"potentialAction":[{"@type":"SearchAction","target":{"@type":"EntryPoint","urlTemplate":"https:\/\/www.sokol.slupsk.pl\/wordpress\/?s={search_term_string}"},"query-input":{"@type":"PropertyValueSpecification","valueRequired":true,"valueName":"search_term_string"}}],"inLanguage":"pl-PL"},{"@type":["Person","Organization"],"@id":"https:\/\/www.sokol.slupsk.pl\/wordpress\/#\/schema\/person\/f69caba0f8884992a20ddf1fc7d8287c","name":"Sok\u00f3\u0142","image":{"@type":"ImageObject","inLanguage":"pl-PL","@id":"https:\/\/secure.gravatar.com\/avatar\/30ac1bad5b72abd1fed24a45c0af6ab491a57070d717667950af8238eb074df3?s=96&d=mm&r=g","url":"https:\/\/secure.gravatar.com\/avatar\/30ac1bad5b72abd1fed24a45c0af6ab491a57070d717667950af8238eb074df3?s=96&d=mm&r=g","contentUrl":"https:\/\/secure.gravatar.com\/avatar\/30ac1bad5b72abd1fed24a45c0af6ab491a57070d717667950af8238eb074df3?s=96&d=mm&r=g","caption":"Sok\u00f3\u0142"},"logo":{"@id":"https:\/\/secure.gravatar.com\/avatar\/30ac1bad5b72abd1fed24a45c0af6ab491a57070d717667950af8238eb074df3?s=96&d=mm&r=g"},"description":"Mi\u0142o\u015bnik historii, rekonstruktor i modelarz"}]}},"_links":{"self":[{"href":"https:\/\/www.sokol.slupsk.pl\/wordpress\/wp-json\/wp\/v2\/pages\/91","targetHints":{"allow":["GET"]}}],"collection":[{"href":"https:\/\/www.sokol.slupsk.pl\/wordpress\/wp-json\/wp\/v2\/pages"}],"about":[{"href":"https:\/\/www.sokol.slupsk.pl\/wordpress\/wp-json\/wp\/v2\/types\/page"}],"author":[{"embeddable":true,"href":"https:\/\/www.sokol.slupsk.pl\/wordpress\/wp-json\/wp\/v2\/users\/1"}],"replies":[{"embeddable":true,"href":"https:\/\/www.sokol.slupsk.pl\/wordpress\/wp-json\/wp\/v2\/comments?post=91"}],"version-history":[{"count":4,"href":"https:\/\/www.sokol.slupsk.pl\/wordpress\/wp-json\/wp\/v2\/pages\/91\/revisions"}],"predecessor-version":[{"id":1494,"href":"https:\/\/www.sokol.slupsk.pl\/wordpress\/wp-json\/wp\/v2\/pages\/91\/revisions\/1494"}],"wp:attachment":[{"href":"https:\/\/www.sokol.slupsk.pl\/wordpress\/wp-json\/wp\/v2\/media?parent=91"}],"curies":[{"name":"wp","href":"https:\/\/api.w.org\/{rel}","templated":true}]}}